{"id":7,"date":"2024-03-25T12:50:18","date_gmt":"2024-03-25T15:50:18","guid":{"rendered":"https:\/\/audyazevedo.com.br\/?page_id=7"},"modified":"2024-09-20T22:47:59","modified_gmt":"2024-09-21T01:47:59","slug":"principal-audy","status":"publish","type":"page","link":"https:\/\/audyazevedo.com.br\/?page_id=7","title":{"rendered":"Principal &#8211; Audy"},"content":{"rendered":"\n<p>SUTURAS-FVS<\/p>\n\n\n<style>\/*! elementor - v3.20.0 - 20-03-2024 *\/<br \/>\n.elementor-heading-title{padding:0;margin:0;line-height:1}.elementor-widget-heading .elementor-heading-title[class*=elementor-size-]>a{color:inherit;font-size:inherit;line-height:inherit}.elementor-widget-heading .elementor-heading-title.elementor-size-small{font-size:15px}.elementor-widget-heading .elementor-heading-title.elementor-size-medium{font-size:19px}.elementor-widget-heading .elementor-heading-title.elementor-size-large{font-size:29px}.elementor-widget-heading .elementor-heading-title.elementor-size-xl{font-size:39px}.elementor-widget-heading .elementor-heading-title.elementor-size-xxl{font-size:59px}<\/style>\n<h2>Proposta de curso para aprecia\u00e7\u00e3o da Diretoria Geral e Acad\u00eamica da FVS.<br \/>Conforme Resolu\u00e7\u00e3o n. 14\/2023.<\/h2>\n<style>\/*! elementor - v3.20.0 - 20-03-2024 *\/<br \/>\n.elementor-widget-image{text-align:center}.elementor-widget-image a{display:inline-block}.elementor-widget-image a img[src$=\".svg\"]{width:48px}.elementor-widget-image img{vertical-align:middle;display:inline-block}<\/style>\n<p>\t\t\t\t\t\t\t\t\t\t<img decoding=\"async\" width=\"300\" height=\"153\" src=\"https:\/\/audyazevedo.com.br\/wp-content\/uploads\/2024\/03\/LOGO-FACULDADE-VIASAPIENS_Prancheta-1-e1704494237591-300x153.png\" alt=\"\" srcset=\"https:\/\/audyazevedo.com.br\/wp-content\/uploads\/2024\/03\/LOGO-FACULDADE-VIASAPIENS_Prancheta-1-e1704494237591-300x153.png 300w, https:\/\/audyazevedo.com.br\/wp-content\/uploads\/2024\/03\/LOGO-FACULDADE-VIASAPIENS_Prancheta-1-e1704494237591.png 625w\" sizes=\"(max-width: 300px) 100vw, 300px\" \/>\t\t\t\t\t\t\t\t\t\t\t\t\t<\/p>\n<h2>SUTURE COMO UM CIRURGI\u00c3O<\/h2>\n<p>\t\t\t<a href=\"#\"><br \/>\n\t\t\t\t\t\tQUERO MINHA VAGA<br \/>\n\t\t\t\t\t<\/a><br \/>\n\t\thttps:\/\/audyazevedo.com.br\/wp-content\/uploads\/2024\/03\/Curso-Suturas-Audy-Azevedo-Faculdade.mov<\/p>\n<h1 style=\"text-align: center;\"><strong>FACU<\/strong><strong>L<\/strong><strong>DADE VIASAPIENS TR\u00c1S PARA VOC\u00ca O CURSO\u00a0 DE SUTURAS COM O M\u00c9DICO E CIRUGI\u00c3O DR AUDY AZEVEDO<\/strong><\/h1>\n<p style=\"text-align: center;\">Aprenda a t\u00e9cnica de sutura de forma pr\u00e1tica neste curso de <b>EXTENS\u00c3O UNIVERSIT\u00c1RIA da FACULDADE VIASAPIENS.<\/b><\/p>\n<p style=\"text-align: center;\">Voc\u00ea que \u00e9 da \u00e1rea de sa\u00fade, seja acad\u00eamico, interno, profissional ou residente, o conhecimento dos materiais e instrumentos de sutura e as devidas indica\u00e7\u00f5es far\u00e1, frequentemente, parte da sua rotina. Pensando nisso, n\u00f3s da Faculdade ViaSapiens criamos uma experi\u00eancia completa para que voc\u00ea aprenda os principais conceitos necess\u00e1rios para fazer uma sutura digna de um grande profissional!<\/p>\n<p style=\"text-align: center;\">O curso de Suturas ir\u00e1 abordar, de modo sequencial, todas as etapas que envolvem este procedimento, sendo que a habilidade e a seguran\u00e7a s\u00e3o resultados do conhecimento e do treino, motivo que leva o curso a ser 80% pr\u00e1tico.<\/p>\n<p style=\"text-align: center;\">Esse curso \u00e9 ministrado pelo <strong>Dr. AUDY AZEVEDO<\/strong>, m\u00e9dico Cirurgi\u00e3o Geral, p\u00f3s graduado em Medicina Est\u00e9tica e Dermatologia, junto a professores convidados.<\/p>\n<p style=\"text-align: center;\">Junte-se aos mais de 1600 alunos desta institui\u00e7\u00e3o de ensino!<\/p>\n<p style=\"text-align: center;\">Ganhe confian\u00e7a e melhore suas habilidades de sutura neste curso. Voc\u00ea aprender\u00e1 a t\u00e9cnica de 3 tipos de sutura, saber\u00e1 como evitar os erros mais comuns na hora de suturar, e treinar\u00e1 para uma sutura ideal e muito mais! Acesso a todo um bloco cir\u00fargico simulado para poder praticar desde a entrada no ambiente hospitalar, como se portar, o que fazer, continuando com a aula te\u00f3rica sobre suturas e finalizando com a pr\u00e1tica e o que acontece ap\u00f3s terminar as suturas, sabendo como acontece os principais processos de cicatriza\u00e7\u00e3o.<\/p>\n<style>\/*! elementor - v3.20.0 - 20-03-2024 *\/<br \/>\n.elementor-widget-image-box .elementor-image-box-content{width:100%}@media (min-width:768px){.elementor-widget-image-box.elementor-position-left .elementor-image-box-wrapper,.elementor-widget-image-box.elementor-position-right .elementor-image-box-wrapper{display:flex}.elementor-widget-image-box.elementor-position-right .elementor-image-box-wrapper{text-align:right;flex-direction:row-reverse}.elementor-widget-image-box.elementor-position-left .elementor-image-box-wrapper{text-align:left;flex-direction:row}.elementor-widget-image-box.elementor-position-top .elementor-image-box-img{margin:auto}.elementor-widget-image-box.elementor-vertical-align-top .elementor-image-box-wrapper{align-items:flex-start}.elementor-widget-image-box.elementor-vertical-align-middle .elementor-image-box-wrapper{align-items:center}.elementor-widget-image-box.elementor-vertical-align-bottom .elementor-image-box-wrapper{align-items:flex-end}}@media (max-width:767px){.elementor-widget-image-box .elementor-image-box-img{margin-left:auto!important;margin-right:auto!important;margin-bottom:15px}}.elementor-widget-image-box .elementor-image-box-img{display:inline-block}.elementor-widget-image-box .elementor-image-box-title a{color:inherit}.elementor-widget-image-box .elementor-image-box-wrapper{text-align:center}.elementor-widget-image-box .elementor-image-box-description{margin:0}<\/style>\n<figure><a href=\"https:\/\/library.elementor.com\/local-services-wireframe-1-flexbox\/services\/#service_1\" tabindex=\"-1\"><img fetchpriority=\"high\" decoding=\"async\" width=\"1650\" height=\"1650\" src=\"https:\/\/audyazevedo.com.br\/wp-content\/uploads\/2024\/03\/2135265-e1704653926567.jpg\" alt=\"\" \/><\/a><\/figure>\n<h4><a href=\"https:\/\/library.elementor.com\/local-services-wireframe-1-flexbox\/services\/#service_1\">M\u00d3DULOS<\/a><\/h4>\n<p>APRENDIZADO DIVIDIDO EM ETAPAS<\/p>\n<figure><a href=\"https:\/\/library.elementor.com\/local-services-wireframe-1-flexbox\/services\/#service_2\" tabindex=\"-1\"><img decoding=\"async\" width=\"2000\" height=\"2000\" src=\"https:\/\/audyazevedo.com.br\/wp-content\/uploads\/2024\/03\/8093649.jpg\" alt=\"\" \/><\/a><\/figure>\n<h4><a href=\"https:\/\/library.elementor.com\/local-services-wireframe-1-flexbox\/services\/#service_2\">CARGA HOR\u00c1RIA<\/a><\/h4>\n<p>40 HORAS AULA<\/p>\n<figure><a href=\"https:\/\/library.elementor.com\/local-services-wireframe-1-flexbox\/services\/#service_3\" tabindex=\"-1\"><img loading=\"lazy\" decoding=\"async\" width=\"1890\" height=\"1326\" src=\"https:\/\/audyazevedo.com.br\/wp-content\/uploads\/2024\/03\/4913931-scaled-e1704654454175.jpg\" alt=\"\" \/><\/a><\/figure>\n<h4><a href=\"https:\/\/library.elementor.com\/local-services-wireframe-1-flexbox\/services\/#service_3\">CERTIFICADO DE CONCLUS\u00c3O<\/a><\/h4>\n<p>EXTENS\u00c3O UNIVERSIT\u00c1RIA COM A MAIOR CREDIBILIDADE DO MERCADO<\/p>\n<figure><a href=\"https:\/\/library.elementor.com\/local-services-wireframe-1-flexbox\/services\/#service_3\" tabindex=\"-1\"><img loading=\"lazy\" decoding=\"async\" width=\"2560\" height=\"2560\" src=\"https:\/\/audyazevedo.com.br\/wp-content\/uploads\/2024\/03\/schedule_calendar_flat_style-scaled.jpg\" alt=\"\" \/><\/a><\/figure>\n<h4><a href=\"https:\/\/library.elementor.com\/local-services-wireframe-1-flexbox\/services\/#service_3\">DATA E HOR\u00c1RIO<\/a><\/h4>\n<p>DATA<br \/>\nHOR\u00c1RIO<\/p>\n<style>\/*! elementor - v3.20.0 - 20-03-2024 *\/<br \/>\n.elementor-testimonial-wrapper{overflow:hidden;text-align:center}.elementor-testimonial-wrapper .elementor-testimonial-content{font-size:1.3em;margin-bottom:20px}.elementor-testimonial-wrapper .elementor-testimonial-name{line-height:1.5;display:block}.elementor-testimonial-wrapper .elementor-testimonial-job{font-size:.85em;display:block}.elementor-testimonial-wrapper .elementor-testimonial-meta{width:100%;line-height:1}.elementor-testimonial-wrapper .elementor-testimonial-meta-inner{display:inline-block}.elementor-testimonial-wrapper .elementor-testimonial-meta .elementor-testimonial-details,.elementor-testimonial-wrapper .elementor-testimonial-meta .elementor-testimonial-image{display:table-cell;vertical-align:middle}.elementor-testimonial-wrapper .elementor-testimonial-meta .elementor-testimonial-image img{width:60px;height:60px;border-radius:50%;-o-object-fit:cover;object-fit:cover;max-width:none}.elementor-testimonial-wrapper .elementor-testimonial-meta.elementor-testimonial-image-position-aside .elementor-testimonial-image{padding-right:15px}.elementor-testimonial-wrapper .elementor-testimonial-meta.elementor-testimonial-image-position-aside .elementor-testimonial-details{text-align:left}.elementor-testimonial-wrapper .elementor-testimonial-meta.elementor-testimonial-image-position-top .elementor-testimonial-details,.elementor-testimonial-wrapper .elementor-testimonial-meta.elementor-testimonial-image-position-top .elementor-testimonial-image{display:block}.elementor-testimonial-wrapper .elementor-testimonial-meta.elementor-testimonial-image-position-top .elementor-testimonial-image{margin-bottom:20px}<\/style>\n<p>\t\t\t\t\t\t\tVIS\u00c3O GERAL DO CURSO<br \/>\n\t\t\t\t\t\t\t\t\t\t\t\t\t\tN\u00f3s acreditamos que um ensino organizado \u00e9 a base para um aprendizado de sucesso, ent\u00e3o come\u00e7amos com todos os fundamentos te\u00f3ricos e avan\u00e7amos at\u00e9 as pr\u00e1ticas mais complexas.  A Faculdade ViaSapiens conta com um ambiente totalmente voltado \u00e0 simula\u00e7\u00e3o de pr\u00e1ticas cir\u00fargicas, tendo um bloco inteiramente dedicado \u00e0 simula\u00e7\u00e3o dessa pr\u00e1tica. Com a ajuda de nosso ambiente de simula\u00e7\u00e3o e material did\u00e1tico especializado, poderemos treinar TODOS os passos necess\u00e1rios ao aprendizado das principais suturas utilizadas no hospital, principalmente no Pronto Socorro e Sala de Emerg\u00eancias. O curso \u00e9 ministrado pelo Dr. Audy Azevedo, M\u00e9dico Cirurgi\u00e3o Geral e  conta com a presen\u00e7a de professores convidados, todos especialistas. Aqui na Faculdade, toda a base te\u00f3rica \u00e9 referenciada de materiais cient\u00edficos, ent\u00e3o tenha a certeza que o conhecimento \u00e9 levado a s\u00e9rio! Sabendo que existem in\u00fameros tipos de sutura, n\u00f3s reunimos v\u00e1rias t\u00e9cnicas b\u00e1sicas e priorizamos as que tem mais efic\u00e1cia no dia a dia do profissional de sa\u00fade. Aqui criamos protocolos contendo um passo a passo para que todo mundo aprenda igual. N\u00e3o \u00e9 necess\u00e1rio experi\u00eancia pr\u00e9via para participar deste curso. Aqui na Faculdade ViaSapiens voc\u00ea aprender\u00e1 desde os fundamentos te\u00f3ricos iniciais at\u00e9 como segurar tr\u00eas instrumentais cir\u00fargicos ao mesmo tempo se precisar! Todas as aulas s\u00e3o ambidestras, ent\u00e3o se voc\u00ea \u00e9 canhoto, esse curso tamb\u00e9m \u00e9 para voc\u00ea! Literalmente pegaremos na sua m\u00e3o para ensinar, portanto pode vir tranquilamente. Acreditamos que o aprendizado de qualidade tem muito valor, portanto elaboramos pacotes imperd\u00edveis para voc\u00ea!<br \/>\n\t\t\t\t\t\t\t\t\t\t\t\t\t\t\t\t\t\t\t\t\t\tFACULDADE VIASAPIENS<\/p>\n<h1 style=\"text-align: center;\"><strong>CERTIFICA\u00c7\u00c3O PELA FACULDADE VIASAPIENS COM CADASTRO NO MEC<\/strong><\/h1>\n<p>\t\t\t<a href=\"https:\/\/payment-link.stone.com.br\/pl_1RkQD0dMG6g2byrfRRIX5KNXaoem3pVn\" target=\"_blank\" rel=\"noopener\"><br \/>\n\t\t\t\t\t\tGARANTIR MINHA VAGA<br \/>\n\t\t\t\t\t<\/a><\/p>\n<h2>TEORIA E PR\u00c1TICAS COMBINADAS<\/h2>\n<link rel=\"stylesheet\" href=\"https:\/\/audyazevedo.com.br\/wp-content\/plugins\/elementor\/assets\/css\/widget-icon-box.min.css\">\n<h5>\n\t\t\t\t\t\tNessa primeira parte<br \/>\n\t\t\t\t<\/h5>\n<p>\n\t\t\t\t\t\tVoc\u00ea aprender\u00e1 a fazer a an\u00e1lise da ferida e sua localiza\u00e7\u00e3o, esse \u00e9 o in\u00edcio para as decis\u00f5es que vir\u00e3o a seguir, como: antissepsia, tipos de fios, espessura, indica\u00e7\u00f5es e bloqueios anest\u00e9sicos. Temas relevantes no Pronto Socorro como cortes por vidros ou metais, mordedura canina, ser\u00e3o abordados.<br \/>\nVoc\u00ea aprender\u00e1 a suturar com um passo a passo bem detalhado e de uma forma totalmente descomplicada. Tamb\u00e9m descobrir\u00e1 os 4 segredos para um sutura perfeita e os erros mais comuns na hora de suturar.\t\t\t\t\t<\/p>\n<h3>\n\t\t\t\t\t\tNa segunda parte<br \/>\n\t\t\t\t<\/h3>\n<p>\n\t\t\t\t\t\tNa segunda parte do curso voc\u00ea conhecer\u00e1 as diferen\u00e7as entre uma sutura separada e uma sutura cont\u00ednua. Tamb\u00e9m aprender\u00e1 com detalhes os 9 principais tipos de suturas: ponto simples, ponto simples invertido, ponto em X, ponto em U, Donatti, sutura cont\u00ednua, sutura cont\u00ednua ancorada, barra grega e sutura intrad\u00e9rmica.\t\t\t\t\t<\/p>\n<h5>\n\t\t\t\t\t\tNa terceira parte<br \/>\n\t\t\t\t<\/h5>\n<p>\n\t\t\t\t\t\tNas esta\u00e7\u00f5es de pr\u00e1tica, o estudante ter\u00e1 a oportunidade de treinar pontos simples, como donatti, sutura cont\u00ednua e ancorada, ponto em X com a supervis\u00e3o do m\u00e9dico cirurgi\u00e3o geral e preceptores convidados e seus monitores da Faculdade ViaSapiens .<br \/>\nTemos muito orgulho em ter inovado e desenvolvido um curso de suturas ambidestro. O estudante canhoto aprender\u00e1 as t\u00e9cnicas e habilidades necess\u00e1rias para uma sutura ideal. E o aluno destro poder\u00e1 aprender a suturar com a m\u00e3o esquerda, habilidade que poder\u00e1 diferenci\u00e1-lo no ambiente cir\u00fargico.\n\t\t\t\t\t<\/p>\n<h3>\n\t\t\t\t\t\tNa Quarta parte<br \/>\n\t\t\t\t<\/h3>\n<p>\n\t\t\t\t\t\tO quarto m\u00f3dulo \u00e9 destinado ao aprimoramento das suturas aprendidas at\u00e9 o momento e para a pr\u00e1tica de n\u00f3s manuais que s\u00e3o usados corriqueiramente na rotina cir\u00fargica. \t\t\t\t\t<\/p>\n<p>\t\t\t<a href=\"https:\/\/payment-link.stone.com.br\/pl_1RkQD0dMG6g2byrfRRIX5KNXaoem3pVn\" target=\"_blank\" rel=\"noopener\"><br \/>\n\t\t\t\t\t\tGARANTIR MINHA VAGA<br \/>\n\t\t\t\t\t<\/a><\/p>\n<p style=\"text-align: left;\"><strong>PORQUE FAZER ESTE CURSO?<\/strong><\/p>\n<ul>\n<li><strong>PASSO A PASSO que voc\u00ea precisa saber, explicado por um especialista;<\/strong><\/li>\n<li><strong>Curso completo, envolvendo as no\u00e7\u00f5es b\u00e1sicas de t\u00e9cnica de sutura aliadas \u00e0 pr\u00e1tica;<\/strong><\/li>\n<li><strong>Exemplos de viv\u00eancias pr\u00e1ticas para facilitar seu entendimento;<\/strong><\/li>\n<li><strong>Curso feito em um LABORAT\u00d3RIO DE HABILIDADES CIR\u00daRGICAS;<\/strong><\/li>\n<li><strong>80% do curso de habilidades pr\u00e1ticas;<\/strong><\/li>\n<li><strong>Descobrir os 4 segredos de uma sutura ideal;<\/strong><\/li>\n<li><strong>Conhecer os principais erros das suturas e saber como evitar;<\/strong><\/li>\n<li><strong>Aprender a realizar os 03 principais tipos de suturas com detalhes;<\/strong><\/li>\n<li><strong>Aprender a t\u00e9cnica para segurar a tesoura durante uma sutura;<\/strong><\/li>\n<li><strong>Aprimorar a t\u00e9cnica de sutura para aqueles que j\u00e1 sabem suturar;<\/strong><\/li>\n<li><strong>Ganhar confian\u00e7a na t\u00e9cnica de sutura;<\/strong><\/li>\n<li><strong>Aprender a suturar com ambas as m\u00e3os;<\/strong><\/li>\n<li><strong>Treinar n\u00f3s manuais;<\/strong><\/li>\n<li><strong>Ser certificado por uma faculdade pelo curso.<\/strong><\/li>\n<\/ul>\n<h2>Para quem fizemos este curso<\/h2>\n<h1>Curso de Extens\u00e3o Universit\u00e1ria de Suturas<\/h1>\n<p>Aqui na Faculdade ViaSapiens seguimos os cinco\u00a0princ\u00edpios\u00a0extensionistas presentes no documento <strong>Pol\u00edtica Nacional de\u00a0<\/strong><strong>Extens\u00e3o Universit\u00e1ria<\/strong><strong>\u00a0(FORPROEX):<\/strong><\/p>\n<ol>\n<li>intera\u00e7\u00e3o dial\u00f3gica;<\/li>\n<li>interdisciplinaridade e interprofissionalidade;<\/li>\n<li>indissociabilidade entre ensino, pesquisa e\u00a0extens\u00e3o;<\/li>\n<li>impacto na forma\u00e7\u00e3o do estudante;<\/li>\n<li>impacto e transforma\u00e7\u00e3o social.<\/li>\n<\/ol>\n<p>Os\u00a0cursos\u00a0de\u00a0extens\u00e3o universit\u00e1ria\u00a0s\u00e3o ofertados por institui\u00e7\u00f5es de ensino superior e representam uma op\u00e7\u00e3o de aprendizado para que o aluno acompanhe as tend\u00eancias do mercado de trabalho, aprenda conceitos relacionados \u00e0 sua \u00e1rea de atua\u00e7\u00e3o e desenvolva habilidades espec\u00edficas.<\/p>\n<p>Por se um curso validado pela Faculdade ViaSapiens, legalmente credenciada ao MEC, este curso serve para aprimoramento curricular, podendo ser utilizado como horas complementares durante a forma\u00e7\u00e3o da Gradua\u00e7\u00e3o e como Curso Complementar ao Curr\u00edculo Lattes e ao Curr\u00edculo Profissional.<\/p>\n<p>Assim, seguimos o conceito de Extens\u00e3o Universit\u00e1ria formulado pelo FORPROEX e apresentado \u00e0s Universidades P\u00fablicas e \u00e0 sociedade, que explicita:<\/p>\n<p style=\"text-align: left;\"><strong><em>\u201cA Extens\u00e3o Universit\u00e1ria, sob o princ\u00edpio constitucional da indissociabilidade entre ensino, pesquisa e extens\u00e3o, \u00e9 um processo interdisciplinar, educativo, cultural, cient\u00edfico e pol\u00edtico que promove a intera\u00e7\u00e3o transformadora entre Universidade e outros setores da sociedade.\u201d<\/em><\/strong><\/p>\n<p>\t\t\t<a href=\"https:\/\/payment-link.stone.com.br\/pl_1RkQD0dMG6g2byrfRRIX5KNXaoem3pVn\" target=\"_blank\" rel=\"noopener\"><br \/>\n\t\t\t\t\t\tGARANTIR MINHA VAGA<br \/>\n\t\t\t\t\t<\/a><\/p>\n<h1>avisos legais<\/h1>\n<p>\t\t\t<svg xmlns=\"http:\/\/www.w3.org\/2000\/svg\" viewBox=\"0 0 119 118\"><path d=\"M58.39 117.736c8.886 0 17.303-1.99 24.84-5.539-19.826-9.334-33.558-29.484-33.558-52.85 0-23.367 13.732-43.517 33.558-52.851A58.143 58.143 0 0 0 58.397.956C26.144.957 0 27.102 0 59.355c0 32.254 26.144 58.382 58.39 58.382Z\"><\/path><path fill-rule=\"evenodd\" clip-rule=\"evenodd\" d=\"M83.23 112.197a59.458 59.458 0 0 1-2.308-1.149c-18.576-9.773-31.25-29.253-31.25-51.702 0-22.449 12.674-41.928 31.25-51.701.76-.4 1.529-.783 2.308-1.15A58.164 58.164 0 0 0 58.398.957C26.143.957 0 27.102 0 59.355c0 32.254 26.144 58.382 58.39 58.382a58.191 58.191 0 0 0 24.84-5.539Zm-4.696-.172c-18.41-10.341-30.862-30.05-30.862-52.679S60.124 17.01 78.534 6.667a56.189 56.189 0 0 0-20.137-3.71C27.248 2.957 2 28.205 2 59.354c0 31.148 25.248 56.382 56.39 56.382a56.198 56.198 0 0 0 20.144-3.711Z\"><\/path><path fill-rule=\"evenodd\" clip-rule=\"evenodd\" d=\"M34.837 111.418a58.283 58.283 0 0 0 24.87 5.546c32.301 0 58.483-26.182 58.483-58.482S92.008 0 59.708 0a58.304 58.304 0 0 0-24.87 5.547c.779.366 1.548.75 2.308 1.15 18.606 9.78 31.304 29.297 31.304 51.784s-12.697 41.998-31.304 51.786c-.76.4-1.529.783-2.308 1.15Zm4.697-.172a56.3 56.3 0 0 0 20.174 3.718c31.195 0 56.482-25.287 56.482-56.482S90.903 2 59.708 2a56.32 56.32 0 0 0-20.173 3.718C57.975 16.071 70.45 35.816 70.45 58.482c0 22.668-12.475 42.406-30.915 52.764Z\"><\/path><\/svg><br \/>\n\t\t\t<svg xmlns=\"http:\/\/www.w3.org\/2000\/svg\" viewBox=\"0 0 184 140\"><path fill-rule=\"evenodd\" clip-rule=\"evenodd\" d=\"m84 126-3.445 1.689-21.245 10.414.002.541c0 .154-.035.304-.1.439l-1.039.554-.016-.002-57.215-8.011a1 1 0 0 1-.861-.989L0 68.875a1 1 0 0 1 1.139-.991l1.337.187L37.913 48.8l46.153 6.472L116.013 0 184 117.12H96.22l.004 1.45c0 .368-.2.706-.522.882l-8.854 4.814L84 126Zm9.398-69.42-7.195-1.009 29.814-51.58 64.509 111.129H96.215l-.153-58.31a1 1 0 0 0-1.478-.875l-1.186.645Zm-34.186 82.503a1.005 1.005 0 0 1-.41.435l21.753-11.829-21.343 11.394Zm.74-3.522 19.684-9.649 6.214-3.38 7.924-4.823.443-1.667-.15-57.549-3.416 1.858.016.094-.545.193-30.97 16.843.143 54.796.657 3.284Z\"><\/path><\/svg>\t\t\t<\/p>\n<h6>Este curso \u00e9 destinado exclusivamente aos profissionais da \u00e1rea da sa\u00fade. O exerc\u00edcio de atividades regidas pelos conselhos profissionais de sa\u00fade sem a devida habilita\u00e7\u00e3o constitui uma atividade ilegal.<\/h6>\n<h6>Importante lembrar aos m\u00e9dicos que \u00e9 obriga\u00e7\u00e3o o aprimoramento cont\u00ednuo dos seus conhecimentos, para que assim ele possa usar o melhor do progresso cient\u00edfico em benef\u00edcio do paciente e da sociedade, conforme nos guia a Resolu\u00e7\u00e3o 2217\/18.\u00a0<\/h6>\n<h6>Sabemos que, de acordo com os Princ\u00edpios Fundamentais do C\u00f3digo de \u00c9tica M\u00e9dica:\u00a0\u201cO alvo de toda a aten\u00e7\u00e3o do m\u00e9dico \u00e9 a sa\u00fade do ser humano, em benef\u00edcio da qual dever\u00e1 agir com o m\u00e1ximo de zelo e o melhor da sua capacidade profissional\u201d<br \/>(Resolu\u00e7\u00e3o 2217\/2018, Cap. I, inciso II).<\/h6>\n<p>\t\t\t<a href=\"https:\/\/payment-link.stone.com.br\/pl_1RkQD0dMG6g2byrfRRIX5KNXaoem3pVn\" target=\"_blank\" rel=\"noopener\"><br \/>\n\t\t\t\t\t\tGARANTIR MINHA VAGA<br \/>\n\t\t\t\t\t<\/a><\/p>\n\n\n<p><\/p>\n","protected":false},"excerpt":{"rendered":"<p>SUTURAS-FVS Proposta de curso para aprecia\u00e7\u00e3o da Diretoria Geral e Acad\u00eamica da FVS.Conforme Resolu\u00e7\u00e3o n. 14\/2023. SUTURE COMO UM CIRURGI\u00c3O QUERO MINHA VAGA https:\/\/audyazevedo.com.br\/wp-content\/uploads\/2024\/03\/Curso-Suturas-Audy-Azevedo-Faculdade.mov FACULDADE VIASAPIENS TR\u00c1S PARA VOC\u00ca O CURSO\u00a0 DE SUTURAS COM O M\u00c9DICO E CIRUGI\u00c3O DR AUDY AZEVEDO Aprenda a t\u00e9cnica de sutura de forma pr\u00e1tica neste curso de EXTENS\u00c3O UNIVERSIT\u00c1RIA da [&hellip;]<\/p>\n","protected":false},"author":1,"featured_media":0,"parent":0,"menu_order":0,"comment_status":"closed","ping_status":"closed","template":"elementor_header_footer","meta":{"footnotes":""},"class_list":["post-7","page","type-page","status-publish","hentry"],"_links":{"self":[{"href":"https:\/\/audyazevedo.com.br\/index.php?rest_route=\/wp\/v2\/pages\/7"}],"collection":[{"href":"https:\/\/audyazevedo.com.br\/index.php?rest_route=\/wp\/v2\/pages"}],"about":[{"href":"https:\/\/audyazevedo.com.br\/index.php?rest_route=\/wp\/v2\/types\/page"}],"author":[{"embeddable":true,"href":"https:\/\/audyazevedo.com.br\/index.php?rest_route=\/wp\/v2\/users\/1"}],"replies":[{"embeddable":true,"href":"https:\/\/audyazevedo.com.br\/index.php?rest_route=%2Fwp%2Fv2%2Fcomments&post=7"}],"version-history":[{"count":6,"href":"https:\/\/audyazevedo.com.br\/index.php?rest_route=\/wp\/v2\/pages\/7\/revisions"}],"predecessor-version":[{"id":31,"href":"https:\/\/audyazevedo.com.br\/index.php?rest_route=\/wp\/v2\/pages\/7\/revisions\/31"}],"wp:attachment":[{"href":"https:\/\/audyazevedo.com.br\/index.php?rest_route=%2Fwp%2Fv2%2Fmedia&parent=7"}],"curies":[{"name":"wp","href":"https:\/\/api.w.org\/{rel}","templated":true}]}}